{"id":5823,"date":"2014-06-26T16:06:18","date_gmt":"2014-06-26T16:06:18","guid":{"rendered":"https:\/\/slidesppt.com\/about-me\/"},"modified":"2017-04-27T12:06:07","modified_gmt":"2017-04-27T12:06:07","slug":"a-propos-de-moi","status":"publish","type":"page","link":"https:\/\/slidesppt.com\/fr\/a-propos-de-moi\/","title":{"rendered":"A propos de moi"},"content":{"rendered":"<section class=\"cs-section lg-padding\"><div class=\"container\"><div class=\"row\"><div class=\"col-md-4 cs-animation fadeInLeft\"><img loading=\"lazy\" decoding=\"async\" width=\"720\" height=\"861\" src=\"https:\/\/slidesppt.com\/wp-content\/uploads\/2014\/06\/matt-02.jpg\" class=\"attachment-full size-full\" alt=\"\" srcset=\"https:\/\/slidesppt.com\/wp-content\/uploads\/2014\/06\/matt-02.jpg 720w, https:\/\/slidesppt.com\/wp-content\/uploads\/2014\/06\/matt-02-251x300.jpg 251w\" sizes=\"auto, (max-width: 720px) 100vw, 720px\" \/><\/div><div class=\"col-md-8 cs-animation fadeInRight\"><div class=\"cs-column-text\"><h3>A propos de moi<\/h3>\n<p>Bonjour, je m\u2019appelle Matt, je suis graphiste, programmateur et gestionnaire de syst\u00e8me allemand, j\u2019ai beaucoup appris gr\u00e2ce \u00e0 la \u00ab communaut\u00e9 internet \u00bb. Donc je pense que ce petit projet est une mani\u00e8re facile de remercier et d\u2019essayer de rendre ce que j\u2019ai appris.<\/p>\n<p>Je vais commencer par publier des <strong>mod\u00e8les de Google Slides<\/strong> que vous pouvez r\u00e9utiliser de la mani\u00e8re dont vous le souhaitez mais rappelez-vous d\u2019en garder le m\u00e9rite car il y a beaucoup d\u2019auteurs dont le travail doit \u00eatre reconnu. J\u2019essaierai de les rendre visuels mais \u00e9galement pr\u00eats \u00e0 \u00eatre utilis\u00e9s pour diff\u00e9rents cr\u00e9neaux. Pour le moment il y en a peu mais j\u2019esp\u00e8re que ce projet se d\u00e9veloppera avec le temps.<\/p>\n<p>Mon second objectif sera de concevoir quelques s\u00e9ries d\u2019ic\u00f4nes \u00a0mais je verrais plus tard car \u00e7a prend plus de temps.<\/p>\n<p>J\u2019esp\u00e8re que vous appr\u00e9cierez mes conceptions qui sont cr\u00e9\u00e9es \u00e0 partir de programmes propos\u00e9s gratuitement afin que la cr\u00e9ation ne s\u2019arr\u00eate jamais.<\/p>\n<\/div><ul class=\"cs-icon-list\"><li><i class=\"cs-in fa fa-check-circle\" style=\"color:#52a83e;\"><\/i>WordPress Developer<\/li><li><i class=\"cs-in fa fa-check-circle\" style=\"color:#d63e33;\"><\/i>HTML5 &amp; CSS3<\/li><li><i class=\"cs-in fa fa-check-circle\" style=\"color:#f5b300;\"><\/i>Senior PHP Developer<\/li><li><i class=\"cs-in fa fa-check-circle\" style=\"color:#515151;\"><\/i>UX\/UI Design<\/li><\/ul><\/div><\/div><\/div><\/section><section class=\"cs-section lg-padding text-center\" style=\" background-color: #ffb200;\"><div class=\"container\"><div class=\"row\"><div class=\"col-md-12\"><div class=\"cs-column-text cs-animation fadeIn\"><i class=\"fa fa-heart-o\" style=\"font-size:75px; color:white;\"><\/i>\n<\/div><div class=\"cs-column-text cs-animation fadeIn  text-center\"><h1 class=\"cs-extra-bold cs-text-white\">VOUS SOUHAITEZ M\u2019EMBAUCHER ?<\/h1>\n<\/div><a href=\"https:\/\/twitter.com\/\" class=\"cs-btn cs-btn-outlined cs-btn-rounded cs-btn-outlined-white cs-btn-xl cs-btn-custom-69f599ed07028 cs-animation fadeIn\" target=\"_blank\">PARLONS DE VOTRE TRAVAIL<\/a><\/div><\/div><\/div><\/section><section class=\"cs-section text-center\"><div class=\"container\"><div class=\"row\"><div class=\"col-md-12\"><div class=\"cs-column-text\"><h3>LES COMPETENCES<\/h3>\n<\/div><section class=\"cs-section\"><div class=\"container\"><div class=\"row\"><div class=\"col-md-2\"><div class=\"cs-piechart-wrap\"><div class=\"cs-piechart\" data-percent=\"95\" data-bar-color=\"#428bca\" data-line-width=\"2\"><h4 class=\"cs-piechart-text\"><i class=\"cs-in fa fa-wordpress\"><\/i><\/h4><\/div><h6 class=\"cs-piechart-title\">WordPress<\/h6><\/div><\/div><div class=\"col-md-2\"><div class=\"cs-piechart-wrap\"><div class=\"cs-piechart\" data-percent=\"80\" data-bar-color=\"#428bca\" data-line-width=\"2\"><h4 class=\"cs-piechart-text\"><i class=\"cs-in fa fa-code\"><\/i><\/h4><\/div><h6 class=\"cs-piechart-title\">PHP<\/h6><\/div><\/div><div class=\"col-md-2\"><div class=\"cs-piechart-wrap\"><div class=\"cs-piechart\" data-percent=\"55\" data-bar-color=\"#428bca\" data-line-width=\"2\"><h4 class=\"cs-piechart-text\"><i class=\"cs-in fa fa-html5\"><\/i><\/h4><\/div><h6 class=\"cs-piechart-title\">HTML5<\/h6><\/div><\/div><div class=\"col-md-2\"><div class=\"cs-piechart-wrap\"><div class=\"cs-piechart\" data-percent=\"75\" data-bar-color=\"#428bca\" data-line-width=\"2\"><h4 class=\"cs-piechart-text\"><i class=\"cs-in fa fa-css3\"><\/i><\/h4><\/div><h6 class=\"cs-piechart-title\">CSS3<\/h6><\/div><\/div><div class=\"col-md-2\"><div class=\"cs-piechart-wrap\"><div class=\"cs-piechart\" data-percent=\"65\" data-bar-color=\"#428bca\" data-line-width=\"2\"><h4 class=\"cs-piechart-text\"><i class=\"cs-in fa fa-code-fork\"><\/i><\/h4><\/div><h6 class=\"cs-piechart-title\">jQuery<\/h6><\/div><\/div><div class=\"col-md-2\"><div class=\"cs-piechart-wrap\"><div class=\"cs-piechart\" data-percent=\"90\" data-bar-color=\"#428bca\" data-line-width=\"2\"><h4 class=\"cs-piechart-text\"><i class=\"cs-in fa fa-crop\"><\/i><\/h4><\/div><h6 class=\"cs-piechart-title\">Design<\/h6><\/div><\/div><\/div><\/div><\/section><\/div><\/div><\/div><\/section><section class=\"cs-section no-padding text-center\"><div class=\"container-fluid\"><div class=\"row\"><div class=\"col-md-6 lg-padding\" style=\"background-color: #55acee;\"><div class=\"cs-column-text cs-animation fadeIn\"><i class=\"fa fa-facebook\" style=\"font-size: 75px; color:white;\"><\/i>\n<\/div><a href=\"https:\/\/www.facebook.com\/slidesPPT\/\" class=\"cs-btn cs-btn-outlined cs-btn-rounded cs-btn-outlined-white cs-btn-xl cs-btn-custom-69f599ed074e6 cs-animation fadeIn\" target=\"_blank\">Suivez-nous sur FACEBOOK<\/a><\/div><div class=\"col-md-6 lg-padding\" style=\"background-color: #d9534f;\"><div class=\"cs-column-text cs-animation fadeIn\"><i class=\"fa fa-google-plus\" style=\"font-size:75px; color:white;\"><\/i>\n<\/div><a href=\"https:\/\/plus.google.com\/101651633999040023962\" class=\"cs-btn cs-btn-outlined cs-btn-rounded cs-btn-outlined-white cs-btn-xl cs-btn-custom-69f599ed0757a cs-animation fadeIn\" target=\"_blank\">Suivez-nous sur GOOGLE+<\/a><\/div><\/div><\/div><\/section>\n<!-- AddThis Advanced Settings generic via filter on the_content --><!-- AddThis Share Buttons generic via filter on the_content -->","protected":false},"excerpt":{"rendered":"<p><!-- AddThis Advanced Settings generic via filter on get_the_excerpt --><!-- AddThis Share Buttons generic via filter on get_the_excerpt --><span class=\"entry-read-more\"><a href=\"https:\/\/slidesppt.com\/fr\/a-propos-de-moi\/\" class=\"cs-btn cs-btn-flat cs-btn-rounded cs-btn-xxs cs-btn-flat-accent\">Go to Slide<\/a><\/span><\/p>\n","protected":false},"author":1,"featured_media":0,"parent":0,"menu_order":0,"comment_status":"open","ping_status":"open","template":"","meta":{"footnotes":""},"class_list":["post-5823","page","type-page","status-publish","hentry"],"yoast_head":"<!-- This site is optimized with the Yoast SEO plugin v25.7 - https:\/\/yoast.com\/wordpress\/plugins\/seo\/ -->\n<title>A propos de moi - Free Google Slides Templates<\/title>\n<meta name=\"robots\" content=\"index, follow, max-snippet:-1, max-image-preview:large, max-video-preview:-1\" \/>\n<link rel=\"canonical\" href=\"https:\/\/slidesppt.com\/fr\/a-propos-de-moi\/\" \/>\n<meta property=\"og:locale\" content=\"fr_FR\" \/>\n<meta property=\"og:type\" content=\"article\" \/>\n<meta property=\"og:title\" content=\"A propos de moi - Free Google Slides Templates\" \/>\n<meta property=\"og:url\" content=\"https:\/\/slidesppt.com\/fr\/a-propos-de-moi\/\" \/>\n<meta property=\"og:site_name\" content=\"Free Google Slides Templates\" \/>\n<meta property=\"article:modified_time\" content=\"2017-04-27T12:06:07+00:00\" \/>\n<meta name=\"twitter:card\" content=\"summary_large_image\" \/>\n<meta name=\"twitter:label1\" content=\"Dur\u00e9e de lecture estim\u00e9e\" \/>\n\t<meta name=\"twitter:data1\" content=\"3 minutes\" \/>\n<script type=\"application\/ld+json\" class=\"yoast-schema-graph\">{\"@context\":\"https:\/\/schema.org\",\"@graph\":[{\"@type\":\"WebPage\",\"@id\":\"https:\/\/slidesppt.com\/fr\/a-propos-de-moi\/\",\"url\":\"https:\/\/slidesppt.com\/fr\/a-propos-de-moi\/\",\"name\":\"A propos de moi - Free Google Slides Templates\",\"isPartOf\":{\"@id\":\"https:\/\/slidesppt.com\/fr\/#website\"},\"datePublished\":\"2014-06-26T16:06:18+00:00\",\"dateModified\":\"2017-04-27T12:06:07+00:00\",\"breadcrumb\":{\"@id\":\"https:\/\/slidesppt.com\/fr\/a-propos-de-moi\/#breadcrumb\"},\"inLanguage\":\"fr-FR\",\"potentialAction\":[{\"@type\":\"ReadAction\",\"target\":[\"https:\/\/slidesppt.com\/fr\/a-propos-de-moi\/\"]}]},{\"@type\":\"BreadcrumbList\",\"@id\":\"https:\/\/slidesppt.com\/fr\/a-propos-de-moi\/#breadcrumb\",\"itemListElement\":[{\"@type\":\"ListItem\",\"position\":1,\"name\":\"Home\",\"item\":\"https:\/\/slidesppt.com\/fr\/\"},{\"@type\":\"ListItem\",\"position\":2,\"name\":\"A propos de moi\"}]},{\"@type\":\"WebSite\",\"@id\":\"https:\/\/slidesppt.com\/fr\/#website\",\"url\":\"https:\/\/slidesppt.com\/fr\/\",\"name\":\"Free Google Slides Templates\",\"description\":\"Free Presentation Templates for Google Slides and Power Point\",\"potentialAction\":[{\"@type\":\"SearchAction\",\"target\":{\"@type\":\"EntryPoint\",\"urlTemplate\":\"https:\/\/slidesppt.com\/fr\/?s={search_term_string}\"},\"query-input\":{\"@type\":\"PropertyValueSpecification\",\"valueRequired\":true,\"valueName\":\"search_term_string\"}}],\"inLanguage\":\"fr-FR\"}]}<\/script>\n<!-- \/ Yoast SEO plugin. -->","yoast_head_json":{"title":"A propos de moi - Free Google Slides Templates","robots":{"index":"index","follow":"follow","max-snippet":"max-snippet:-1","max-image-preview":"max-image-preview:large","max-video-preview":"max-video-preview:-1"},"canonical":"https:\/\/slidesppt.com\/fr\/a-propos-de-moi\/","og_locale":"fr_FR","og_type":"article","og_title":"A propos de moi - Free Google Slides Templates","og_url":"https:\/\/slidesppt.com\/fr\/a-propos-de-moi\/","og_site_name":"Free Google Slides Templates","article_modified_time":"2017-04-27T12:06:07+00:00","twitter_card":"summary_large_image","twitter_misc":{"Dur\u00e9e de lecture estim\u00e9e":"3 minutes"},"schema":{"@context":"https:\/\/schema.org","@graph":[{"@type":"WebPage","@id":"https:\/\/slidesppt.com\/fr\/a-propos-de-moi\/","url":"https:\/\/slidesppt.com\/fr\/a-propos-de-moi\/","name":"A propos de moi - Free Google Slides Templates","isPartOf":{"@id":"https:\/\/slidesppt.com\/fr\/#website"},"datePublished":"2014-06-26T16:06:18+00:00","dateModified":"2017-04-27T12:06:07+00:00","breadcrumb":{"@id":"https:\/\/slidesppt.com\/fr\/a-propos-de-moi\/#breadcrumb"},"inLanguage":"fr-FR","potentialAction":[{"@type":"ReadAction","target":["https:\/\/slidesppt.com\/fr\/a-propos-de-moi\/"]}]},{"@type":"BreadcrumbList","@id":"https:\/\/slidesppt.com\/fr\/a-propos-de-moi\/#breadcrumb","itemListElement":[{"@type":"ListItem","position":1,"name":"Home","item":"https:\/\/slidesppt.com\/fr\/"},{"@type":"ListItem","position":2,"name":"A propos de moi"}]},{"@type":"WebSite","@id":"https:\/\/slidesppt.com\/fr\/#website","url":"https:\/\/slidesppt.com\/fr\/","name":"Free Google Slides Templates","description":"Free Presentation Templates for Google Slides and Power Point","potentialAction":[{"@type":"SearchAction","target":{"@type":"EntryPoint","urlTemplate":"https:\/\/slidesppt.com\/fr\/?s={search_term_string}"},"query-input":{"@type":"PropertyValueSpecification","valueRequired":true,"valueName":"search_term_string"}}],"inLanguage":"fr-FR"}]}},"_links":{"self":[{"href":"https:\/\/slidesppt.com\/fr\/wp-json\/wp\/v2\/pages\/5823","targetHints":{"allow":["GET"]}}],"collection":[{"href":"https:\/\/slidesppt.com\/fr\/wp-json\/wp\/v2\/pages"}],"about":[{"href":"https:\/\/slidesppt.com\/fr\/wp-json\/wp\/v2\/types\/page"}],"author":[{"embeddable":true,"href":"https:\/\/slidesppt.com\/fr\/wp-json\/wp\/v2\/users\/1"}],"replies":[{"embeddable":true,"href":"https:\/\/slidesppt.com\/fr\/wp-json\/wp\/v2\/comments?post=5823"}],"version-history":[{"count":2,"href":"https:\/\/slidesppt.com\/fr\/wp-json\/wp\/v2\/pages\/5823\/revisions"}],"predecessor-version":[{"id":5825,"href":"https:\/\/slidesppt.com\/fr\/wp-json\/wp\/v2\/pages\/5823\/revisions\/5825"}],"wp:attachment":[{"href":"https:\/\/slidesppt.com\/fr\/wp-json\/wp\/v2\/media?parent=5823"}],"curies":[{"name":"wp","href":"https:\/\/api.w.org\/{rel}","templated":true}]}}