{"id":5818,"date":"2016-10-23T18:24:36","date_gmt":"2016-10-23T18:24:36","guid":{"rendered":"https:\/\/slidesppt.com\/how-to-use-presentation-slides\/"},"modified":"2017-04-27T11:56:50","modified_gmt":"2017-04-27T11:56:50","slug":"comment-utiliser-les-diapositives-de-presentation","status":"publish","type":"page","link":"https:\/\/slidesppt.com\/fr\/comment-utiliser-les-diapositives-de-presentation\/","title":{"rendered":"Comment utiliser nos diapositives de pr\u00e9sentation"},"content":{"rendered":"<h2>Aide pour utiliser nos diapositives<\/h2>\n<h3>Quand puis-je commencer \u00e0 utiliser un mod\u00e8le de diapositive ?<\/h3>\n<p>Que vous souhaitiez utiliser ce mod\u00e8le de pr\u00e9sentation sur votre ordinateur avec Power Point, Keynote ou d\u2019autre logiciel ou sur votre compte Google Slides, la premi\u00e8re chose \u00e0 faire est d\u2019ouvrir cette diapositive en :<\/p>\n<ul>\n<li>Cliquant sur l\u2019ic\u00f4ne Action dans Google Slides et en selectionnant \u201cOuvrir dans Editeur\u201d<\/li>\n<li>Cliquant sur le lien sous la pr\u00e9sentation de Google Slides \u201cOuvrir la diapositive\u201d<\/li>\n<\/ul>\n<p>&nbsp;<\/p>\n<h4><img loading=\"lazy\" decoding=\"async\" class=\"alignnone size-full wp-image-5626\" src=\"https:\/\/slidesppt.com\/wp-content\/uploads\/2016\/10\/help02.png\" alt=\"Google Slides Help 1\" width=\"541\" height=\"216\" srcset=\"https:\/\/slidesppt.com\/wp-content\/uploads\/2016\/10\/help02.png 541w, https:\/\/slidesppt.com\/wp-content\/uploads\/2016\/10\/help02-300x120.png 300w\" sizes=\"auto, (max-width: 541px) 100vw, 541px\" \/><\/h4>\n<h4>1) Comment modifier une pr\u00e9sentation dans Google Slides ?<\/h4>\n<p>Aller dans le dossier fichier sur votre interface Google Slides et s\u00e9lectionner \u201cCopier\u201d. Vous obtiendrez une copie de pr\u00e9sentation sur votre Google Drive o\u00f9 vous pourrez modifier, ajouter ou annuler les diapositives. Souvenez-vous de toujours nommer les diapositives comme indiqu\u00e9 dans la rubrique Licence Cr\u00e9ative Commune. Vous devez \u00eatre connect\u00e9 sur votre compte Google.<\/p>\n<p>&nbsp;<\/p>\n<h4><img loading=\"lazy\" decoding=\"async\" class=\"alignnone size-full wp-image-5631\" src=\"https:\/\/slidesppt.com\/wp-content\/uploads\/2016\/10\/help02-3.png\" alt=\"Google Slides Help 2\" width=\"541\" height=\"216\" srcset=\"https:\/\/slidesppt.com\/wp-content\/uploads\/2016\/10\/help02-3.png 541w, https:\/\/slidesppt.com\/wp-content\/uploads\/2016\/10\/help02-3-300x120.png 300w\" sizes=\"auto, (max-width: 541px) 100vw, 541px\" \/><\/h4>\n<h4>2) Modifier la pr\u00e9sentation dans PowerPoint Microsoft \u00ae, OSX Keynote ou un autre logiciel.<\/h4>\n<p>Aller sur le menu fichier sur votre interface Google Slides et s\u00e9lectionner T\u00e9l\u00e9charger sous PowerPoint Microsoft. Vous avez aussi une autre option mais si vous avez besoin d\u2019un fichier .pptx que vous pouvez modifier dans le logiciel PowerPoint, vous devez utiliser celui-l\u00e0. Une \u00e9tape suppl\u00e9mentaire est n\u00e9cessaire si vous utilisez la diapositive PowerPoint : vous devez t\u00e9l\u00e9charger et installer les polices utilis\u00e9es dans la pr\u00e9sentation. Pour savoir quelle police est utilis\u00e9e dans votre pr\u00e9sentation, vous devez vous rendre \u00e0 la diapositive des attributions.<\/p>\n<p><img loading=\"lazy\" decoding=\"async\" class=\"alignnone size-full wp-image-5632\" src=\"https:\/\/slidesppt.com\/wp-content\/uploads\/2016\/10\/help03.png\" alt=\"Google Slides Help 03\" width=\"541\" height=\"216\" srcset=\"https:\/\/slidesppt.com\/wp-content\/uploads\/2016\/10\/help03.png 541w, https:\/\/slidesppt.com\/wp-content\/uploads\/2016\/10\/help03-300x120.png 300w\" sizes=\"auto, (max-width: 541px) 100vw, 541px\" \/><\/p>\n<h3>Que puis-je faire avec les mod\u00e8les de pr\u00e9sentation SlidesPPT.com?<\/h3>\n<p>Vous pouvez les changer selon vos besoins ou comme vous le souhaitez, en ajouter ou en supprimer, les partager o\u00f9 vous voulez (en ligne ou hors ligne), modifier les couleurs, les polices, les textes\u2026<\/p>\n<p>Souvenez-vous que la plupart des programmes utilis\u00e9s pour cr\u00e9er ce mod\u00e8le (images, ic\u00f4nes, p\u00f3lices) sont regroup\u00e9s dans une Licence Cr\u00e9ative Commune, vous devez donc toujours signer la diapositive o\u00f9 toutes les attributions sont sp\u00e9cifi\u00e9es.<\/p>\n<h3>Probl\u00e8mes connus<\/h3>\n<h4>1) Pas d\u2019option \u201cFaire une copie\u201d dans l\u2019interface Google Slides<\/h4>\n<p>Il est n\u00e9cessaire de se connecter \u00e0 votre compte Google pour sauvegarder votre copie sur votre compte Google Drive. Pour plus d\u2019informations : <a href=\"https:\/\/support.google.com\/drive#topic=14940\" target=\"_blank\" rel=\"noopener noreferrer\">https:\/\/support.google.com\/drive#topic=14940<\/a><\/p>\n<h4>2) Je ne peux pas changer certains \u00e9l\u00e9ments du mod\u00e8le<\/h4>\n<p>Vous devez changer la diapositive originale. Pour voir le mod\u00e8le initial, aller sur le menu fichier \u00ab Modifier la diapositive originale \u00bb (Slide Menu -&gt; Edit Master)<\/p>\n<p>Le mod\u00e8le initial apparaitra \u00e0 gauche avec la liste de toutes les possibilit\u00e9s utilis\u00e9es dans le th\u00e8me de pr\u00e9sentation. S\u00e9lectionner ce que vous voulez modifier \u00e0 partir de la liste. Les changements effectu\u00e9s sur n\u2019importe quelle diapositive seront indiqu\u00e9s en jaune sur la gauche.<\/p>\n<p>Plus d\u2019informations \u00e0 la rubrique Aide de Google Slides<\/p>\n<h4>3) Les mod\u00e8les de typographie ne sont pas les m\u00eames quand je les ouvre dans PowerPoint<\/h4>\n<p>Vous devez t\u00e9l\u00e9charger les polices utilis\u00e9es dans la pr\u00e9sentation et les installer sur votre ordinateur. Rechercher les dans la rubrique attribution des diapositives. Pour plus d\u2019informations aller sur https:\/\/developers.google.com\/fonts\/faq<\/p>\n<h4>4) Probl\u00e8mes dans le changement des proportions<\/h4>\n<p>Essayer de modifier les \u00e9l\u00e9ments d\u00e9form\u00e9s en r\u00e9ajustant la diapositive principale (master slide).<\/p>\n<p>&nbsp;<\/p>\n<!-- AddThis Advanced Settings generic via filter on the_content --><!-- AddThis Share Buttons generic via filter on the_content -->","protected":false},"excerpt":{"rendered":"<p>Aide pour utiliser nos diapositives Quand puis-je commencer \u00e0 utiliser un mod\u00e8le de diapositive ? Que vous souhaitiez utiliser ce mod\u00e8le de pr\u00e9sentation sur votre ordinateur avec Power Point, Keynote ou d\u2019autre logiciel ou sur votre compte Google Slides, la premi\u00e8re chose \u00e0 faire est d\u2019ouvrir cette diapositive en : Cliquant sur l\u2019ic\u00f4ne Action dans [&hellip;]<!-- AddThis Advanced Settings generic via filter on get_the_excerpt --><!-- AddThis Share Buttons generic via filter on get_the_excerpt --><span class=\"entry-read-more\"><a href=\"https:\/\/slidesppt.com\/fr\/comment-utiliser-les-diapositives-de-presentation\/\" class=\"cs-btn cs-btn-flat cs-btn-rounded cs-btn-xxs cs-btn-flat-accent\">Go to Slide<\/a><\/span><\/p>\n","protected":false},"author":1,"featured_media":0,"parent":0,"menu_order":0,"comment_status":"closed","ping_status":"closed","template":"","meta":{"footnotes":""},"class_list":["post-5818","page","type-page","status-publish","hentry"],"yoast_head":"<!-- This site is optimized with the Yoast SEO plugin v25.7 - https:\/\/yoast.com\/wordpress\/plugins\/seo\/ -->\n<title>Comment utiliser nos diapositives de pr\u00e9sentation - Free Google Slides Templates<\/title>\n<meta name=\"robots\" content=\"index, follow, max-snippet:-1, max-image-preview:large, max-video-preview:-1\" \/>\n<link rel=\"canonical\" href=\"https:\/\/slidesppt.com\/fr\/comment-utiliser-les-diapositives-de-presentation\/\" \/>\n<meta property=\"og:locale\" content=\"fr_FR\" \/>\n<meta property=\"og:type\" content=\"article\" \/>\n<meta property=\"og:title\" content=\"Comment utiliser nos diapositives de pr\u00e9sentation - Free Google Slides Templates\" \/>\n<meta property=\"og:description\" content=\"Aide pour utiliser nos diapositives Quand puis-je commencer \u00e0 utiliser un mod\u00e8le de diapositive ? Que vous souhaitiez utiliser ce mod\u00e8le de pr\u00e9sentation sur votre ordinateur avec Power Point, Keynote ou d\u2019autre logiciel ou sur votre compte Google Slides, la premi\u00e8re chose \u00e0 faire est d\u2019ouvrir cette diapositive en : Cliquant sur l\u2019ic\u00f4ne Action dans [&hellip;]\" \/>\n<meta property=\"og:url\" content=\"https:\/\/slidesppt.com\/fr\/comment-utiliser-les-diapositives-de-presentation\/\" \/>\n<meta property=\"og:site_name\" content=\"Free Google Slides Templates\" \/>\n<meta property=\"article:modified_time\" content=\"2017-04-27T11:56:50+00:00\" \/>\n<meta property=\"og:image\" content=\"https:\/\/slidesppt.com\/wp-content\/uploads\/2016\/10\/help02.png\" \/>\n<meta name=\"twitter:card\" content=\"summary_large_image\" \/>\n<meta name=\"twitter:label1\" content=\"Dur\u00e9e de lecture estim\u00e9e\" \/>\n\t<meta name=\"twitter:data1\" content=\"3 minutes\" \/>\n<script type=\"application\/ld+json\" class=\"yoast-schema-graph\">{\"@context\":\"https:\/\/schema.org\",\"@graph\":[{\"@type\":\"WebPage\",\"@id\":\"https:\/\/slidesppt.com\/fr\/comment-utiliser-les-diapositives-de-presentation\/\",\"url\":\"https:\/\/slidesppt.com\/fr\/comment-utiliser-les-diapositives-de-presentation\/\",\"name\":\"Comment utiliser nos diapositives de pr\u00e9sentation - Free Google Slides Templates\",\"isPartOf\":{\"@id\":\"https:\/\/slidesppt.com\/fr\/#website\"},\"primaryImageOfPage\":{\"@id\":\"https:\/\/slidesppt.com\/fr\/comment-utiliser-les-diapositives-de-presentation\/#primaryimage\"},\"image\":{\"@id\":\"https:\/\/slidesppt.com\/fr\/comment-utiliser-les-diapositives-de-presentation\/#primaryimage\"},\"thumbnailUrl\":\"https:\/\/slidesppt.com\/wp-content\/uploads\/2016\/10\/help02.png\",\"datePublished\":\"2016-10-23T18:24:36+00:00\",\"dateModified\":\"2017-04-27T11:56:50+00:00\",\"breadcrumb\":{\"@id\":\"https:\/\/slidesppt.com\/fr\/comment-utiliser-les-diapositives-de-presentation\/#breadcrumb\"},\"inLanguage\":\"fr-FR\",\"potentialAction\":[{\"@type\":\"ReadAction\",\"target\":[\"https:\/\/slidesppt.com\/fr\/comment-utiliser-les-diapositives-de-presentation\/\"]}]},{\"@type\":\"ImageObject\",\"inLanguage\":\"fr-FR\",\"@id\":\"https:\/\/slidesppt.com\/fr\/comment-utiliser-les-diapositives-de-presentation\/#primaryimage\",\"url\":\"https:\/\/slidesppt.com\/wp-content\/uploads\/2016\/10\/help02.png\",\"contentUrl\":\"https:\/\/slidesppt.com\/wp-content\/uploads\/2016\/10\/help02.png\"},{\"@type\":\"BreadcrumbList\",\"@id\":\"https:\/\/slidesppt.com\/fr\/comment-utiliser-les-diapositives-de-presentation\/#breadcrumb\",\"itemListElement\":[{\"@type\":\"ListItem\",\"position\":1,\"name\":\"Home\",\"item\":\"https:\/\/slidesppt.com\/fr\/\"},{\"@type\":\"ListItem\",\"position\":2,\"name\":\"Comment utiliser nos diapositives de pr\u00e9sentation\"}]},{\"@type\":\"WebSite\",\"@id\":\"https:\/\/slidesppt.com\/fr\/#website\",\"url\":\"https:\/\/slidesppt.com\/fr\/\",\"name\":\"Free Google Slides Templates\",\"description\":\"Free Presentation Templates for Google Slides and Power Point\",\"potentialAction\":[{\"@type\":\"SearchAction\",\"target\":{\"@type\":\"EntryPoint\",\"urlTemplate\":\"https:\/\/slidesppt.com\/fr\/?s={search_term_string}\"},\"query-input\":{\"@type\":\"PropertyValueSpecification\",\"valueRequired\":true,\"valueName\":\"search_term_string\"}}],\"inLanguage\":\"fr-FR\"}]}<\/script>\n<!-- \/ Yoast SEO plugin. -->","yoast_head_json":{"title":"Comment utiliser nos diapositives de pr\u00e9sentation - Free Google Slides Templates","robots":{"index":"index","follow":"follow","max-snippet":"max-snippet:-1","max-image-preview":"max-image-preview:large","max-video-preview":"max-video-preview:-1"},"canonical":"https:\/\/slidesppt.com\/fr\/comment-utiliser-les-diapositives-de-presentation\/","og_locale":"fr_FR","og_type":"article","og_title":"Comment utiliser nos diapositives de pr\u00e9sentation - Free Google Slides Templates","og_description":"Aide pour utiliser nos diapositives Quand puis-je commencer \u00e0 utiliser un mod\u00e8le de diapositive ? Que vous souhaitiez utiliser ce mod\u00e8le de pr\u00e9sentation sur votre ordinateur avec Power Point, Keynote ou d\u2019autre logiciel ou sur votre compte Google Slides, la premi\u00e8re chose \u00e0 faire est d\u2019ouvrir cette diapositive en : Cliquant sur l\u2019ic\u00f4ne Action dans [&hellip;]","og_url":"https:\/\/slidesppt.com\/fr\/comment-utiliser-les-diapositives-de-presentation\/","og_site_name":"Free Google Slides Templates","article_modified_time":"2017-04-27T11:56:50+00:00","og_image":[{"url":"https:\/\/slidesppt.com\/wp-content\/uploads\/2016\/10\/help02.png","type":"","width":"","height":""}],"twitter_card":"summary_large_image","twitter_misc":{"Dur\u00e9e de lecture estim\u00e9e":"3 minutes"},"schema":{"@context":"https:\/\/schema.org","@graph":[{"@type":"WebPage","@id":"https:\/\/slidesppt.com\/fr\/comment-utiliser-les-diapositives-de-presentation\/","url":"https:\/\/slidesppt.com\/fr\/comment-utiliser-les-diapositives-de-presentation\/","name":"Comment utiliser nos diapositives de pr\u00e9sentation - Free Google Slides Templates","isPartOf":{"@id":"https:\/\/slidesppt.com\/fr\/#website"},"primaryImageOfPage":{"@id":"https:\/\/slidesppt.com\/fr\/comment-utiliser-les-diapositives-de-presentation\/#primaryimage"},"image":{"@id":"https:\/\/slidesppt.com\/fr\/comment-utiliser-les-diapositives-de-presentation\/#primaryimage"},"thumbnailUrl":"https:\/\/slidesppt.com\/wp-content\/uploads\/2016\/10\/help02.png","datePublished":"2016-10-23T18:24:36+00:00","dateModified":"2017-04-27T11:56:50+00:00","breadcrumb":{"@id":"https:\/\/slidesppt.com\/fr\/comment-utiliser-les-diapositives-de-presentation\/#breadcrumb"},"inLanguage":"fr-FR","potentialAction":[{"@type":"ReadAction","target":["https:\/\/slidesppt.com\/fr\/comment-utiliser-les-diapositives-de-presentation\/"]}]},{"@type":"ImageObject","inLanguage":"fr-FR","@id":"https:\/\/slidesppt.com\/fr\/comment-utiliser-les-diapositives-de-presentation\/#primaryimage","url":"https:\/\/slidesppt.com\/wp-content\/uploads\/2016\/10\/help02.png","contentUrl":"https:\/\/slidesppt.com\/wp-content\/uploads\/2016\/10\/help02.png"},{"@type":"BreadcrumbList","@id":"https:\/\/slidesppt.com\/fr\/comment-utiliser-les-diapositives-de-presentation\/#breadcrumb","itemListElement":[{"@type":"ListItem","position":1,"name":"Home","item":"https:\/\/slidesppt.com\/fr\/"},{"@type":"ListItem","position":2,"name":"Comment utiliser nos diapositives de pr\u00e9sentation"}]},{"@type":"WebSite","@id":"https:\/\/slidesppt.com\/fr\/#website","url":"https:\/\/slidesppt.com\/fr\/","name":"Free Google Slides Templates","description":"Free Presentation Templates for Google Slides and Power Point","potentialAction":[{"@type":"SearchAction","target":{"@type":"EntryPoint","urlTemplate":"https:\/\/slidesppt.com\/fr\/?s={search_term_string}"},"query-input":{"@type":"PropertyValueSpecification","valueRequired":true,"valueName":"search_term_string"}}],"inLanguage":"fr-FR"}]}},"_links":{"self":[{"href":"https:\/\/slidesppt.com\/fr\/wp-json\/wp\/v2\/pages\/5818","targetHints":{"allow":["GET"]}}],"collection":[{"href":"https:\/\/slidesppt.com\/fr\/wp-json\/wp\/v2\/pages"}],"about":[{"href":"https:\/\/slidesppt.com\/fr\/wp-json\/wp\/v2\/types\/page"}],"author":[{"embeddable":true,"href":"https:\/\/slidesppt.com\/fr\/wp-json\/wp\/v2\/users\/1"}],"replies":[{"embeddable":true,"href":"https:\/\/slidesppt.com\/fr\/wp-json\/wp\/v2\/comments?post=5818"}],"version-history":[{"count":4,"href":"https:\/\/slidesppt.com\/fr\/wp-json\/wp\/v2\/pages\/5818\/revisions"}],"predecessor-version":[{"id":5822,"href":"https:\/\/slidesppt.com\/fr\/wp-json\/wp\/v2\/pages\/5818\/revisions\/5822"}],"wp:attachment":[{"href":"https:\/\/slidesppt.com\/fr\/wp-json\/wp\/v2\/media?parent=5818"}],"curies":[{"name":"wp","href":"https:\/\/api.w.org\/{rel}","templated":true}]}}