{"id":5694,"date":"2016-10-23T18:24:36","date_gmt":"2016-10-23T18:24:36","guid":{"rendered":"https:\/\/slidesppt.com\/how-to-use-presentation-slides-2\/"},"modified":"2017-04-09T16:12:34","modified_gmt":"2017-04-09T16:12:34","slug":"como-usar-nuestras-presentaciones","status":"publish","type":"page","link":"https:\/\/slidesppt.com\/es\/como-usar-nuestras-presentaciones\/","title":{"rendered":"Como usar nuestras presentaciones"},"content":{"rendered":"<h2>C\u00f3mo usar nuestros temas<\/h2>\n<h3>C\u00f3mo hago para usar los\u00a0slides?<\/h3>\n<p>No importa como vayas a usar la plantilla, si en tu ordenador con\u00a0Power Point, Keynote u otro software o en tu cuenta de\u00a0Google Slides, lo primero que tienes que hace es abrir los slides siguiendo uno de los siguientes m\u00e9todos:<\/p>\n<ul>\n<li>Haciendo click en el icono de configuraci\u00f3n del visor de Google Slides y seleccionar \u00abAbrir en Editor\u00bb.<\/li>\n<li>Haciendo click en el bot\u00f3n debajo del visor de Google Slides con el t\u00edtulo \u00abAbrir Slide\u00bb.<\/li>\n<\/ul>\n<p>&nbsp;<\/p>\n<h4><img loading=\"lazy\" decoding=\"async\" class=\"alignnone size-full wp-image-5626\" src=\"https:\/\/slidesppt.com\/wp-content\/uploads\/2016\/10\/help02.png\" alt=\"Google Slides Help 1\" width=\"541\" height=\"216\" srcset=\"https:\/\/slidesppt.com\/wp-content\/uploads\/2016\/10\/help02.png 541w, https:\/\/slidesppt.com\/wp-content\/uploads\/2016\/10\/help02-300x120.png 300w\" sizes=\"auto, (max-width: 541px) 100vw, 541px\" \/><\/h4>\n<h4>1) Como editar las presentaciones en \u00a0Google Slides<\/h4>\n<p>Busca el men\u00fa archivo en el interfaz de Google Slides y selecciona \u00abHacer una copia\u00bb*. De esta forma generar\u00e1s una copia limpia y totalmente independiente de nuestro dise\u00f1o en tu cuenta de Google Drive. Desde esta copia podr\u00e1s editar, a\u00f1adir y eliminar slides. Aunque tengas total control, recuerda de siempre mantener los slides de los cr\u00e9ditos como indica la licencia Creative Common . * Tienes que estar logeado\/a en tu cuenta de Google.<\/p>\n<p>&nbsp;<\/p>\n<h4><img loading=\"lazy\" decoding=\"async\" class=\"alignnone size-full wp-image-5631\" src=\"https:\/\/slidesppt.com\/wp-content\/uploads\/2016\/10\/help02-3.png\" alt=\"Google Slides Help 2\" width=\"541\" height=\"216\" srcset=\"https:\/\/slidesppt.com\/wp-content\/uploads\/2016\/10\/help02-3.png 541w, https:\/\/slidesppt.com\/wp-content\/uploads\/2016\/10\/help02-3-300x120.png 300w\" sizes=\"auto, (max-width: 541px) 100vw, 541px\" \/><\/h4>\n<h4>2) Editar la plantilla en Microsoft PowerPoint\u00ae, OSX Keynote\u00a0o cualquier otro software<\/h4>\n<p>Dir\u00edgete al menu Archivo en el interfaz de Google Slides y selecciona Descargar como Microsoft PowerPoint. Hay otras opciones pero si necesitas un archivo de extensi\u00f3n .pptx para poder editar con el software de PowerPoint, esta opci\u00f3n es la necesaria. Para usar los slides en PowerPoint hay que realizar un paso adicional: necesitas descargar e instalar las fuentes utilizadas en las presentaciones. Para averiguar qu\u00e9 fuente se ha usado, busca el \u00faltimo slide de la presentaci\u00f3n, el de los cr\u00e9ditos donde encontrar\u00e1s toda esta informaci\u00f3n.<\/p>\n<p><img loading=\"lazy\" decoding=\"async\" class=\"alignnone size-full wp-image-5632\" src=\"https:\/\/slidesppt.com\/wp-content\/uploads\/2016\/10\/help03.png\" alt=\"Google Slides Help 03\" width=\"541\" height=\"216\" srcset=\"https:\/\/slidesppt.com\/wp-content\/uploads\/2016\/10\/help03.png 541w, https:\/\/slidesppt.com\/wp-content\/uploads\/2016\/10\/help03-300x120.png 300w\" sizes=\"auto, (max-width: 541px) 100vw, 541px\" \/><\/p>\n<h3>Qu\u00e9 puedo hacer con las plantillas de SlidesPPT.com?<\/h3>\n<p>Puedes editarlas, modificarlas y cambiarlas de la forma que quieras\/necesites: a\u00f1adir o eliminar slides, cambiar fuentes, im\u00e1genes, textos, compartirlas on y offline&#8230;\u00a0S\u00f3lo recuerda que la mayor\u00eda de los recursos que se han utilizado para crear estas plantillas\u00a0(im\u00e1genes, iconos y fuentes) est\u00e1n bajo licencia Creative Common por lo que siempre has de mantener el slide de los cr\u00e9ditos donde est\u00e1n todas las atribuciones necesarias para poder usar\u00a0los slides.<\/p>\n<h3>Problemas conocidos<\/h3>\n<h4>1) No opci\u00f3n para \u00abHacer una copia\u00bb en el interfaz de\u00a0Google Slides .<\/h4>\n<p>Es obligatorio estar logueado en tu cuenta de Google para que la copia pueda ser salvada en tu Google Drive. M\u00e1s informaci\u00b4n aqu\u00ed:\u00a0<a href=\"https:\/\/support.google.com\/drive#topic=14940\" target=\"_blank\">https:\/\/support.google.com\/drive#topic=14940<\/a><\/p>\n<h4>2) Hay algunos elementos de dise\u00f1o que no puedo cambiar.<\/h4>\n<p>Tienes que cambiar el Master Slide. Para mostar el editor Master, ve al Menu de Slides -&gt; editar Master<\/p>\n<p>La plantilla Master aparecer\u00e1 en la parte izquierda junto con una lista de todos los layouts utilizados en el dise\u00f1o de la presentaci\u00f3n. Elige lo que quieres editar de esa lista. Cambios que afectar\u00e1n a cualquier slide basada en lo que elegiste modificar aparecer\u00e1 marcado en amarillo en la izquierda.<\/p>\n<p>M\u00e1s informaci\u00f3n en la ayuda de Google Slides.<\/p>\n<h4>3) La tipograf\u00eda de las presentaciones no es la misma cuando las abro en PowerPoint<\/h4>\n<p>Tienes que descargar las fuentes utilizadas en la presentaci\u00f3n e instalarlas en tu ordenador. B\u00fascalas en el slide de cr\u00e9dito. M\u00e1s informaci\u00f3n aqu\u00ed:\u00a0https:\/\/developers.google.com\/fonts\/faq<\/p>\n<h4>4) Problemas cambiando proporciones<\/h4>\n<p>Intenta arreglar el elemento distorsionado reajustando el slide master.<\/p>\n<!-- AddThis Advanced Settings generic via filter on the_content --><!-- AddThis Share Buttons generic via filter on the_content -->","protected":false},"excerpt":{"rendered":"<p>C\u00f3mo usar nuestros temas C\u00f3mo hago para usar los\u00a0slides? No importa como vayas a usar la plantilla, si en tu ordenador con\u00a0Power Point, Keynote u otro software o en tu cuenta de\u00a0Google Slides, lo primero que tienes que hace es abrir los slides siguiendo uno de los siguientes m\u00e9todos: Haciendo click en el icono de [&hellip;]<!-- AddThis Advanced Settings generic via filter on get_the_excerpt --><!-- AddThis Share Buttons generic via filter on get_the_excerpt --><span class=\"entry-read-more\"><a href=\"https:\/\/slidesppt.com\/es\/como-usar-nuestras-presentaciones\/\" class=\"cs-btn cs-btn-flat cs-btn-rounded cs-btn-xxs cs-btn-flat-accent\">Go to Slide<\/a><\/span><\/p>\n","protected":false},"author":1,"featured_media":0,"parent":0,"menu_order":0,"comment_status":"closed","ping_status":"closed","template":"","meta":{"footnotes":""},"class_list":["post-5694","page","type-page","status-publish","hentry"],"yoast_head":"<!-- This site is optimized with the Yoast SEO plugin v25.7 - https:\/\/yoast.com\/wordpress\/plugins\/seo\/ -->\n<title>Como usar nuestras presentaciones - Free Google Slides Templates<\/title>\n<meta name=\"description\" content=\"Instrucciones para utilizar nuestras plantillas para Google Slides en tu ordenador o en cuenta de Google.\" \/>\n<meta name=\"robots\" content=\"index, follow, max-snippet:-1, max-image-preview:large, max-video-preview:-1\" \/>\n<link rel=\"canonical\" href=\"https:\/\/slidesppt.com\/es\/como-usar-nuestras-presentaciones\/\" \/>\n<meta property=\"og:locale\" content=\"es_ES\" \/>\n<meta property=\"og:type\" content=\"article\" \/>\n<meta property=\"og:title\" content=\"Como usar nuestras presentaciones - Free Google Slides Templates\" \/>\n<meta property=\"og:description\" content=\"Instrucciones para utilizar nuestras plantillas para Google Slides en tu ordenador o en cuenta de Google.\" \/>\n<meta property=\"og:url\" content=\"https:\/\/slidesppt.com\/es\/como-usar-nuestras-presentaciones\/\" \/>\n<meta property=\"og:site_name\" content=\"Free Google Slides Templates\" \/>\n<meta property=\"article:modified_time\" content=\"2017-04-09T16:12:34+00:00\" \/>\n<meta property=\"og:image\" content=\"https:\/\/slidesppt.com\/wp-content\/uploads\/2016\/10\/help02.png\" \/>\n<meta name=\"twitter:card\" content=\"summary_large_image\" \/>\n<meta name=\"twitter:label1\" content=\"Tiempo de lectura\" \/>\n\t<meta name=\"twitter:data1\" content=\"3 minutos\" \/>\n<script type=\"application\/ld+json\" class=\"yoast-schema-graph\">{\"@context\":\"https:\/\/schema.org\",\"@graph\":[{\"@type\":\"WebPage\",\"@id\":\"https:\/\/slidesppt.com\/es\/como-usar-nuestras-presentaciones\/\",\"url\":\"https:\/\/slidesppt.com\/es\/como-usar-nuestras-presentaciones\/\",\"name\":\"Como usar nuestras presentaciones - Free Google Slides Templates\",\"isPartOf\":{\"@id\":\"https:\/\/slidesppt.com\/fr\/#website\"},\"primaryImageOfPage\":{\"@id\":\"https:\/\/slidesppt.com\/es\/como-usar-nuestras-presentaciones\/#primaryimage\"},\"image\":{\"@id\":\"https:\/\/slidesppt.com\/es\/como-usar-nuestras-presentaciones\/#primaryimage\"},\"thumbnailUrl\":\"https:\/\/slidesppt.com\/wp-content\/uploads\/2016\/10\/help02.png\",\"datePublished\":\"2016-10-23T18:24:36+00:00\",\"dateModified\":\"2017-04-09T16:12:34+00:00\",\"description\":\"Instrucciones para utilizar nuestras plantillas para Google Slides en tu ordenador o en cuenta de Google.\",\"breadcrumb\":{\"@id\":\"https:\/\/slidesppt.com\/es\/como-usar-nuestras-presentaciones\/#breadcrumb\"},\"inLanguage\":\"es\",\"potentialAction\":[{\"@type\":\"ReadAction\",\"target\":[\"https:\/\/slidesppt.com\/es\/como-usar-nuestras-presentaciones\/\"]}]},{\"@type\":\"ImageObject\",\"inLanguage\":\"es\",\"@id\":\"https:\/\/slidesppt.com\/es\/como-usar-nuestras-presentaciones\/#primaryimage\",\"url\":\"https:\/\/slidesppt.com\/wp-content\/uploads\/2016\/10\/help02.png\",\"contentUrl\":\"https:\/\/slidesppt.com\/wp-content\/uploads\/2016\/10\/help02.png\"},{\"@type\":\"BreadcrumbList\",\"@id\":\"https:\/\/slidesppt.com\/es\/como-usar-nuestras-presentaciones\/#breadcrumb\",\"itemListElement\":[{\"@type\":\"ListItem\",\"position\":1,\"name\":\"Home\",\"item\":\"https:\/\/slidesppt.com\/es\/\"},{\"@type\":\"ListItem\",\"position\":2,\"name\":\"Como usar nuestras presentaciones\"}]},{\"@type\":\"WebSite\",\"@id\":\"https:\/\/slidesppt.com\/fr\/#website\",\"url\":\"https:\/\/slidesppt.com\/fr\/\",\"name\":\"Free Google Slides Templates\",\"description\":\"Free Presentation Templates for Google Slides and Power Point\",\"potentialAction\":[{\"@type\":\"SearchAction\",\"target\":{\"@type\":\"EntryPoint\",\"urlTemplate\":\"https:\/\/slidesppt.com\/fr\/?s={search_term_string}\"},\"query-input\":{\"@type\":\"PropertyValueSpecification\",\"valueRequired\":true,\"valueName\":\"search_term_string\"}}],\"inLanguage\":\"es\"}]}<\/script>\n<!-- \/ Yoast SEO plugin. -->","yoast_head_json":{"title":"Como usar nuestras presentaciones - Free Google Slides Templates","description":"Instrucciones para utilizar nuestras plantillas para Google Slides en tu ordenador o en cuenta de Google.","robots":{"index":"index","follow":"follow","max-snippet":"max-snippet:-1","max-image-preview":"max-image-preview:large","max-video-preview":"max-video-preview:-1"},"canonical":"https:\/\/slidesppt.com\/es\/como-usar-nuestras-presentaciones\/","og_locale":"es_ES","og_type":"article","og_title":"Como usar nuestras presentaciones - Free Google Slides Templates","og_description":"Instrucciones para utilizar nuestras plantillas para Google Slides en tu ordenador o en cuenta de Google.","og_url":"https:\/\/slidesppt.com\/es\/como-usar-nuestras-presentaciones\/","og_site_name":"Free Google Slides Templates","article_modified_time":"2017-04-09T16:12:34+00:00","og_image":[{"url":"https:\/\/slidesppt.com\/wp-content\/uploads\/2016\/10\/help02.png","type":"","width":"","height":""}],"twitter_card":"summary_large_image","twitter_misc":{"Tiempo de lectura":"3 minutos"},"schema":{"@context":"https:\/\/schema.org","@graph":[{"@type":"WebPage","@id":"https:\/\/slidesppt.com\/es\/como-usar-nuestras-presentaciones\/","url":"https:\/\/slidesppt.com\/es\/como-usar-nuestras-presentaciones\/","name":"Como usar nuestras presentaciones - Free Google Slides Templates","isPartOf":{"@id":"https:\/\/slidesppt.com\/fr\/#website"},"primaryImageOfPage":{"@id":"https:\/\/slidesppt.com\/es\/como-usar-nuestras-presentaciones\/#primaryimage"},"image":{"@id":"https:\/\/slidesppt.com\/es\/como-usar-nuestras-presentaciones\/#primaryimage"},"thumbnailUrl":"https:\/\/slidesppt.com\/wp-content\/uploads\/2016\/10\/help02.png","datePublished":"2016-10-23T18:24:36+00:00","dateModified":"2017-04-09T16:12:34+00:00","description":"Instrucciones para utilizar nuestras plantillas para Google Slides en tu ordenador o en cuenta de Google.","breadcrumb":{"@id":"https:\/\/slidesppt.com\/es\/como-usar-nuestras-presentaciones\/#breadcrumb"},"inLanguage":"es","potentialAction":[{"@type":"ReadAction","target":["https:\/\/slidesppt.com\/es\/como-usar-nuestras-presentaciones\/"]}]},{"@type":"ImageObject","inLanguage":"es","@id":"https:\/\/slidesppt.com\/es\/como-usar-nuestras-presentaciones\/#primaryimage","url":"https:\/\/slidesppt.com\/wp-content\/uploads\/2016\/10\/help02.png","contentUrl":"https:\/\/slidesppt.com\/wp-content\/uploads\/2016\/10\/help02.png"},{"@type":"BreadcrumbList","@id":"https:\/\/slidesppt.com\/es\/como-usar-nuestras-presentaciones\/#breadcrumb","itemListElement":[{"@type":"ListItem","position":1,"name":"Home","item":"https:\/\/slidesppt.com\/es\/"},{"@type":"ListItem","position":2,"name":"Como usar nuestras presentaciones"}]},{"@type":"WebSite","@id":"https:\/\/slidesppt.com\/fr\/#website","url":"https:\/\/slidesppt.com\/fr\/","name":"Free Google Slides Templates","description":"Free Presentation Templates for Google Slides and Power Point","potentialAction":[{"@type":"SearchAction","target":{"@type":"EntryPoint","urlTemplate":"https:\/\/slidesppt.com\/fr\/?s={search_term_string}"},"query-input":{"@type":"PropertyValueSpecification","valueRequired":true,"valueName":"search_term_string"}}],"inLanguage":"es"}]}},"_links":{"self":[{"href":"https:\/\/slidesppt.com\/es\/wp-json\/wp\/v2\/pages\/5694","targetHints":{"allow":["GET"]}}],"collection":[{"href":"https:\/\/slidesppt.com\/es\/wp-json\/wp\/v2\/pages"}],"about":[{"href":"https:\/\/slidesppt.com\/es\/wp-json\/wp\/v2\/types\/page"}],"author":[{"embeddable":true,"href":"https:\/\/slidesppt.com\/es\/wp-json\/wp\/v2\/users\/1"}],"replies":[{"embeddable":true,"href":"https:\/\/slidesppt.com\/es\/wp-json\/wp\/v2\/comments?post=5694"}],"version-history":[{"count":7,"href":"https:\/\/slidesppt.com\/es\/wp-json\/wp\/v2\/pages\/5694\/revisions"}],"predecessor-version":[{"id":5708,"href":"https:\/\/slidesppt.com\/es\/wp-json\/wp\/v2\/pages\/5694\/revisions\/5708"}],"wp:attachment":[{"href":"https:\/\/slidesppt.com\/es\/wp-json\/wp\/v2\/media?parent=5694"}],"curies":[{"name":"wp","href":"https:\/\/api.w.org\/{rel}","templated":true}]}}