{"id":5687,"date":"2014-06-26T16:06:18","date_gmt":"2014-06-26T16:06:18","guid":{"rendered":"https:\/\/slidesppt.com\/about-me-2\/"},"modified":"2017-04-09T15:47:21","modified_gmt":"2017-04-09T15:47:21","slug":"sobre-mi","status":"publish","type":"page","link":"https:\/\/slidesppt.com\/es\/sobre-mi\/","title":{"rendered":"Sobre mi"},"content":{"rendered":"<section class=\"cs-section lg-padding\"><div class=\"container\"><div class=\"row\"><div class=\"col-md-4 cs-animation fadeInLeft\"><img loading=\"lazy\" decoding=\"async\" width=\"720\" height=\"861\" src=\"https:\/\/slidesppt.com\/wp-content\/uploads\/2014\/06\/matt-02.jpg\" class=\"attachment-full size-full\" alt=\"\" srcset=\"https:\/\/slidesppt.com\/wp-content\/uploads\/2014\/06\/matt-02.jpg 720w, https:\/\/slidesppt.com\/wp-content\/uploads\/2014\/06\/matt-02-251x300.jpg 251w\" sizes=\"auto, (max-width: 720px) 100vw, 720px\" \/><\/div><div class=\"col-md-8 cs-animation fadeInRight\"><div class=\"cs-column-text\"><h3>Sobre mi<\/h3>\n<p>Hola! Mi nombre es Matt. Soy un dise\u00f1ador, programador y administrador de sistemas alem\u00e1n. Llevo muchos a\u00f1os aprendiendo de lo que la comunidad de internet ha puesto a disposici\u00f3n de todos de forma totalmente altruista. Es por eso que he creado este peque\u00f1o proyecto para intentar devolverlo a mi manera y dar las gracias.<\/p>\n<p>Intentar\u00e9 publicar con asiduidad\u00a0<strong>plantillas para Google Slides<\/strong>\u00a0para que todo aquel que lo desee las pueda reutilizar de la forma que prefieran. S\u00f3lo pido que se mantengan los cr\u00e9ditos ya que para poder dise\u00f1arlas a su vez utilizo recursos que otros autores liberan de forma gratuita y merecen ser reconocidos (adem\u00e1s de que en muchos casos es condici\u00f3n fundamental para poder usarlos). Intentar\u00e9 crear dise\u00f1os visualmente atractivos y listo para usar en diferentes nichos o categor\u00edas. No hay muchos por el momento pero espero que con el tiempo pueda ofrecer una completa librer\u00eda. Est\u00e1is invitados a colaborar de la forma que quer\u00e1is&#8230;con vuestros propios temas, sugerencias, cr\u00edticas&#8230;.<\/p>\n<p>Mi segundo objetivo ser\u00e1 dise\u00f1oar packs de iconos, pero&#8230;veremos que pasa porque eso me llevar\u00e1 m\u00e1s tiempo.<\/p>\n<p>Espero de coraz\u00f3n que mis dise\u00f1os, construidos sobre la base de lo que otros muchos desinteresadamente dan, os sean \u00fatiles y que esta m\u00e1quina de crear no pare.<\/p>\n<\/div><ul class=\"cs-icon-list\"><li><i class=\"cs-in fa fa-check-circle\" style=\"color:#52a83e;\"><\/i>WordPress Developer<\/li><li><i class=\"cs-in fa fa-check-circle\" style=\"color:#d63e33;\"><\/i>HTML5 &amp; CSS3<\/li><li><i class=\"cs-in fa fa-check-circle\" style=\"color:#f5b300;\"><\/i>Senior PHP Developer<\/li><li><i class=\"cs-in fa fa-check-circle\" style=\"color:#515151;\"><\/i>UX\/UI Design<\/li><\/ul><\/div><\/div><\/div><\/section><section class=\"cs-section lg-padding text-center\" style=\" background-color: #ffb200;\"><div class=\"container\"><div class=\"row\"><div class=\"col-md-12\"><div class=\"cs-column-text cs-animation fadeIn\"><i class=\"fa fa-heart-o\" style=\"font-size:75px; color:white;\"><\/i>\n<\/div><div class=\"cs-column-text cs-animation fadeIn  text-center\"><h1 class=\"cs-extra-bold cs-text-white\">QUIERES CONTRATARME?<\/h1>\n<\/div><a href=\"https:\/\/twitter.com\/\" class=\"cs-btn cs-btn-outlined cs-btn-rounded cs-btn-outlined-white cs-btn-xl cs-btn-custom-69dc8a2a48c2e cs-animation fadeIn\" target=\"_blank\">HABLEMOS SOBRE TRABAJO!<\/a><\/div><\/div><\/div><\/section><section class=\"cs-section text-center\"><div class=\"container\"><div class=\"row\"><div class=\"col-md-12\"><div class=\"cs-column-text\"><h3>MIS HABILIDADES<\/h3>\n<\/div><section class=\"cs-section\"><div class=\"container\"><div class=\"row\"><div class=\"col-md-2\"><div class=\"cs-piechart-wrap\"><div class=\"cs-piechart\" data-percent=\"95\" data-bar-color=\"#428bca\" data-line-width=\"2\"><h4 class=\"cs-piechart-text\"><i class=\"cs-in fa fa-wordpress\"><\/i><\/h4><\/div><h6 class=\"cs-piechart-title\">WordPress<\/h6><\/div><\/div><div class=\"col-md-2\"><div class=\"cs-piechart-wrap\"><div class=\"cs-piechart\" data-percent=\"80\" data-bar-color=\"#428bca\" data-line-width=\"2\"><h4 class=\"cs-piechart-text\"><i class=\"cs-in fa fa-code\"><\/i><\/h4><\/div><h6 class=\"cs-piechart-title\">PHP<\/h6><\/div><\/div><div class=\"col-md-2\"><div class=\"cs-piechart-wrap\"><div class=\"cs-piechart\" data-percent=\"55\" data-bar-color=\"#428bca\" data-line-width=\"2\"><h4 class=\"cs-piechart-text\"><i class=\"cs-in fa fa-html5\"><\/i><\/h4><\/div><h6 class=\"cs-piechart-title\">HTML5<\/h6><\/div><\/div><div class=\"col-md-2\"><div class=\"cs-piechart-wrap\"><div class=\"cs-piechart\" data-percent=\"75\" data-bar-color=\"#428bca\" data-line-width=\"2\"><h4 class=\"cs-piechart-text\"><i class=\"cs-in fa fa-css3\"><\/i><\/h4><\/div><h6 class=\"cs-piechart-title\">CSS3<\/h6><\/div><\/div><div class=\"col-md-2\"><div class=\"cs-piechart-wrap\"><div class=\"cs-piechart\" data-percent=\"65\" data-bar-color=\"#428bca\" data-line-width=\"2\"><h4 class=\"cs-piechart-text\"><i class=\"cs-in fa fa-code-fork\"><\/i><\/h4><\/div><h6 class=\"cs-piechart-title\">jQuery<\/h6><\/div><\/div><div class=\"col-md-2\"><div class=\"cs-piechart-wrap\"><div class=\"cs-piechart\" data-percent=\"90\" data-bar-color=\"#428bca\" data-line-width=\"2\"><h4 class=\"cs-piechart-text\"><i class=\"cs-in fa fa-crop\"><\/i><\/h4><\/div><h6 class=\"cs-piechart-title\">Design<\/h6><\/div><\/div><\/div><\/div><\/section><\/div><\/div><\/div><\/section><section class=\"cs-section no-padding text-center\"><div class=\"container-fluid\"><div class=\"row\"><div class=\"col-md-6 lg-padding\" style=\"background-color: #55acee;\"><div class=\"cs-column-text cs-animation fadeIn\"><i class=\"fa fa-facebook\" style=\"font-size: 75px; color:white;\"><\/i>\n<\/div><a href=\"https:\/\/www.facebook.com\/slidesPPT\/\" class=\"cs-btn cs-btn-outlined cs-btn-rounded cs-btn-outlined-white cs-btn-xl cs-btn-custom-69dc8a2a491c2 cs-animation fadeIn\" target=\"_blank\">S\u00cdGUEME EN FACEBOOOK<\/a><\/div><div class=\"col-md-6 lg-padding\" style=\"background-color: #d9534f;\"><div class=\"cs-column-text cs-animation fadeIn\"><i class=\"fa fa-google-plus\" style=\"font-size:75px; color:white;\"><\/i>\n<\/div><a href=\"https:\/\/plus.google.com\/101651633999040023962\" class=\"cs-btn cs-btn-outlined cs-btn-rounded cs-btn-outlined-white cs-btn-xl cs-btn-custom-69dc8a2a49271 cs-animation fadeIn\" target=\"_blank\">S\u00cdGUEME EN GOOGLE+<\/a><\/div><\/div><\/div><\/section>\n<!-- AddThis Advanced Settings generic via filter on the_content --><!-- AddThis Share Buttons generic via filter on the_content -->","protected":false},"excerpt":{"rendered":"<p><!-- AddThis Advanced Settings generic via filter on get_the_excerpt --><!-- AddThis Share Buttons generic via filter on get_the_excerpt --><span class=\"entry-read-more\"><a href=\"https:\/\/slidesppt.com\/es\/sobre-mi\/\" class=\"cs-btn cs-btn-flat cs-btn-rounded cs-btn-xxs cs-btn-flat-accent\">Go to Slide<\/a><\/span><\/p>\n","protected":false},"author":1,"featured_media":0,"parent":0,"menu_order":0,"comment_status":"open","ping_status":"open","template":"","meta":{"footnotes":""},"class_list":["post-5687","page","type-page","status-publish","hentry"],"yoast_head":"<!-- This site is optimized with the Yoast SEO plugin v25.7 - https:\/\/yoast.com\/wordpress\/plugins\/seo\/ -->\n<title>Sobre mi - Free Google Slides Templates<\/title>\n<meta name=\"description\" content=\"Soy Matt Santos, dise\u00f1ador de temas para Google Slides que pongo a vuestra disposici\u00f3n de forma gratuita. Espero que mi sitio os sea \u00fatil.\" \/>\n<meta name=\"robots\" content=\"index, follow, max-snippet:-1, max-image-preview:large, max-video-preview:-1\" \/>\n<link rel=\"canonical\" href=\"https:\/\/slidesppt.com\/es\/sobre-mi\/\" \/>\n<meta property=\"og:locale\" content=\"es_ES\" \/>\n<meta property=\"og:type\" content=\"article\" \/>\n<meta property=\"og:title\" content=\"Sobre mi - Free Google Slides Templates\" \/>\n<meta property=\"og:description\" content=\"Soy Matt Santos, dise\u00f1ador de temas para Google Slides que pongo a vuestra disposici\u00f3n de forma gratuita. Espero que mi sitio os sea \u00fatil.\" \/>\n<meta property=\"og:url\" content=\"https:\/\/slidesppt.com\/es\/sobre-mi\/\" \/>\n<meta property=\"og:site_name\" content=\"Free Google Slides Templates\" \/>\n<meta property=\"article:modified_time\" content=\"2017-04-09T15:47:21+00:00\" \/>\n<meta name=\"twitter:card\" content=\"summary_large_image\" \/>\n<meta name=\"twitter:label1\" content=\"Tiempo de lectura\" \/>\n\t<meta name=\"twitter:data1\" content=\"3 minutos\" \/>\n<script type=\"application\/ld+json\" class=\"yoast-schema-graph\">{\"@context\":\"https:\/\/schema.org\",\"@graph\":[{\"@type\":\"WebPage\",\"@id\":\"https:\/\/slidesppt.com\/es\/sobre-mi\/\",\"url\":\"https:\/\/slidesppt.com\/es\/sobre-mi\/\",\"name\":\"Sobre mi - Free Google Slides Templates\",\"isPartOf\":{\"@id\":\"https:\/\/slidesppt.com\/fr\/#website\"},\"datePublished\":\"2014-06-26T16:06:18+00:00\",\"dateModified\":\"2017-04-09T15:47:21+00:00\",\"description\":\"Soy Matt Santos, dise\u00f1ador de temas para Google Slides que pongo a vuestra disposici\u00f3n de forma gratuita. Espero que mi sitio os sea \u00fatil.\",\"breadcrumb\":{\"@id\":\"https:\/\/slidesppt.com\/es\/sobre-mi\/#breadcrumb\"},\"inLanguage\":\"es\",\"potentialAction\":[{\"@type\":\"ReadAction\",\"target\":[\"https:\/\/slidesppt.com\/es\/sobre-mi\/\"]}]},{\"@type\":\"BreadcrumbList\",\"@id\":\"https:\/\/slidesppt.com\/es\/sobre-mi\/#breadcrumb\",\"itemListElement\":[{\"@type\":\"ListItem\",\"position\":1,\"name\":\"Home\",\"item\":\"https:\/\/slidesppt.com\/es\/\"},{\"@type\":\"ListItem\",\"position\":2,\"name\":\"Sobre mi\"}]},{\"@type\":\"WebSite\",\"@id\":\"https:\/\/slidesppt.com\/fr\/#website\",\"url\":\"https:\/\/slidesppt.com\/fr\/\",\"name\":\"Free Google Slides Templates\",\"description\":\"Free Presentation Templates for Google Slides and Power Point\",\"potentialAction\":[{\"@type\":\"SearchAction\",\"target\":{\"@type\":\"EntryPoint\",\"urlTemplate\":\"https:\/\/slidesppt.com\/fr\/?s={search_term_string}\"},\"query-input\":{\"@type\":\"PropertyValueSpecification\",\"valueRequired\":true,\"valueName\":\"search_term_string\"}}],\"inLanguage\":\"es\"}]}<\/script>\n<!-- \/ Yoast SEO plugin. -->","yoast_head_json":{"title":"Sobre mi - Free Google Slides Templates","description":"Soy Matt Santos, dise\u00f1ador de temas para Google Slides que pongo a vuestra disposici\u00f3n de forma gratuita. Espero que mi sitio os sea \u00fatil.","robots":{"index":"index","follow":"follow","max-snippet":"max-snippet:-1","max-image-preview":"max-image-preview:large","max-video-preview":"max-video-preview:-1"},"canonical":"https:\/\/slidesppt.com\/es\/sobre-mi\/","og_locale":"es_ES","og_type":"article","og_title":"Sobre mi - Free Google Slides Templates","og_description":"Soy Matt Santos, dise\u00f1ador de temas para Google Slides que pongo a vuestra disposici\u00f3n de forma gratuita. Espero que mi sitio os sea \u00fatil.","og_url":"https:\/\/slidesppt.com\/es\/sobre-mi\/","og_site_name":"Free Google Slides Templates","article_modified_time":"2017-04-09T15:47:21+00:00","twitter_card":"summary_large_image","twitter_misc":{"Tiempo de lectura":"3 minutos"},"schema":{"@context":"https:\/\/schema.org","@graph":[{"@type":"WebPage","@id":"https:\/\/slidesppt.com\/es\/sobre-mi\/","url":"https:\/\/slidesppt.com\/es\/sobre-mi\/","name":"Sobre mi - Free Google Slides Templates","isPartOf":{"@id":"https:\/\/slidesppt.com\/fr\/#website"},"datePublished":"2014-06-26T16:06:18+00:00","dateModified":"2017-04-09T15:47:21+00:00","description":"Soy Matt Santos, dise\u00f1ador de temas para Google Slides que pongo a vuestra disposici\u00f3n de forma gratuita. Espero que mi sitio os sea \u00fatil.","breadcrumb":{"@id":"https:\/\/slidesppt.com\/es\/sobre-mi\/#breadcrumb"},"inLanguage":"es","potentialAction":[{"@type":"ReadAction","target":["https:\/\/slidesppt.com\/es\/sobre-mi\/"]}]},{"@type":"BreadcrumbList","@id":"https:\/\/slidesppt.com\/es\/sobre-mi\/#breadcrumb","itemListElement":[{"@type":"ListItem","position":1,"name":"Home","item":"https:\/\/slidesppt.com\/es\/"},{"@type":"ListItem","position":2,"name":"Sobre mi"}]},{"@type":"WebSite","@id":"https:\/\/slidesppt.com\/fr\/#website","url":"https:\/\/slidesppt.com\/fr\/","name":"Free Google Slides Templates","description":"Free Presentation Templates for Google Slides and Power Point","potentialAction":[{"@type":"SearchAction","target":{"@type":"EntryPoint","urlTemplate":"https:\/\/slidesppt.com\/fr\/?s={search_term_string}"},"query-input":{"@type":"PropertyValueSpecification","valueRequired":true,"valueName":"search_term_string"}}],"inLanguage":"es"}]}},"_links":{"self":[{"href":"https:\/\/slidesppt.com\/es\/wp-json\/wp\/v2\/pages\/5687","targetHints":{"allow":["GET"]}}],"collection":[{"href":"https:\/\/slidesppt.com\/es\/wp-json\/wp\/v2\/pages"}],"about":[{"href":"https:\/\/slidesppt.com\/es\/wp-json\/wp\/v2\/types\/page"}],"author":[{"embeddable":true,"href":"https:\/\/slidesppt.com\/es\/wp-json\/wp\/v2\/users\/1"}],"replies":[{"embeddable":true,"href":"https:\/\/slidesppt.com\/es\/wp-json\/wp\/v2\/comments?post=5687"}],"version-history":[{"count":3,"href":"https:\/\/slidesppt.com\/es\/wp-json\/wp\/v2\/pages\/5687\/revisions"}],"predecessor-version":[{"id":5693,"href":"https:\/\/slidesppt.com\/es\/wp-json\/wp\/v2\/pages\/5687\/revisions\/5693"}],"wp:attachment":[{"href":"https:\/\/slidesppt.com\/es\/wp-json\/wp\/v2\/media?parent=5687"}],"curies":[{"name":"wp","href":"https:\/\/api.w.org\/{rel}","templated":true}]}}