{"id":5854,"date":"2016-10-23T18:24:36","date_gmt":"2016-10-23T18:24:36","guid":{"rendered":"https:\/\/slidesppt.com\/how-to-use-presentation-slides\/"},"modified":"2017-04-27T15:04:11","modified_gmt":"2017-04-27T15:04:11","slug":"wie-benutzt-man-unsere-praesentationsfolien","status":"publish","type":"page","link":"https:\/\/slidesppt.com\/de\/wie-benutzt-man-unsere-praesentationsfolien\/","title":{"rendered":"Wie benutzt man unsere Pr\u00e4sentationsfolien?"},"content":{"rendered":"<h2>Hilfe bei der Verwendung unserer Folien<\/h2>\n<h3>Wie kann ich mit einer Folienvorlagenbenutzung beginnen?<\/h3>\n<p>Wenn man diese Pr\u00e4sentationsvorlagen auf \u00a0dem Computer mit Power Point, Keynote oder einer anderen Software oder dem Google Slides-Konto benutzen m\u00f6chte, das erste, was man tun muss, ist, die Folie mit einer der folgenden\u00a0Methoden zu \u00f6ffnen:<\/p>\n<ul>\n<li>Klicken im Google Slides Viewer auf das Gear Icon und w\u00e4hlen &#8222;\u00d6ffnen im Editor&#8220;.<\/li>\n<li>Klicken auf den Link unter dem Google Slides Presentation Viewer -&gt; &#8222;Folie \u00f6ffnen&#8220;.<\/li>\n<\/ul>\n<p>&nbsp;<\/p>\n<h4><img loading=\"lazy\" decoding=\"async\" class=\"alignnone size-full wp-image-5626\" src=\"https:\/\/slidesppt.com\/wp-content\/uploads\/2016\/10\/help02.png\" alt=\"Google Slides Help 1\" width=\"541\" height=\"216\" srcset=\"https:\/\/slidesppt.com\/wp-content\/uploads\/2016\/10\/help02.png 541w, https:\/\/slidesppt.com\/wp-content\/uploads\/2016\/10\/help02-300x120.png 300w\" sizes=\"auto, (max-width: 541px) 100vw, 541px\" \/><\/h4>\n<h4>1) Wie bearbeiten die Pr\u00e4sentation in Google Slides<\/h4>\n<p>\u00d6ffnen Sie Datei-Men\u00fc in dem Google Slides Interface und w\u00e4hlen &#8222;Kopie machen&#8220; *. Man bekommt eine neue Pr\u00e4sentationskopie auf dem Google Drive und dann kann man Folien bearbeiten, hinzuf\u00fcgen oder l\u00f6schen. Erinnern Sie sich immer die Vollzieherbestandsfolie zur Pr\u00e4sentation hinzuf\u00fcgen, wie in der Creative Common License angegeben. * Man \u00a0muss bei dem Google-Konto angemeldet sein.<\/p>\n<p>&nbsp;<\/p>\n<h4><img loading=\"lazy\" decoding=\"async\" class=\"alignnone size-full wp-image-5631\" src=\"https:\/\/slidesppt.com\/wp-content\/uploads\/2016\/10\/help02-3.png\" alt=\"Google Slides Help 2\" width=\"541\" height=\"216\" srcset=\"https:\/\/slidesppt.com\/wp-content\/uploads\/2016\/10\/help02-3.png 541w, https:\/\/slidesppt.com\/wp-content\/uploads\/2016\/10\/help02-3-300x120.png 300w\" sizes=\"auto, (max-width: 541px) 100vw, 541px\" \/><\/h4>\n<h4>2) Bearbeiten der Pr\u00e4sentation in Microsoft PowerPoint\u00ae, OSX Keynote oder anderen Software<\/h4>\n<p>\u00d6ffnen Sie Datei &#8211; Men\u00fc in dem Google Slides Interface und w\u00e4hlen \u201eals Microsoft PowerPoint herunterladen\u201c. Es gibt auch andere Optionen, aber wenn man eine .pptx-Datei braucht, das man in PowerPoint-Software bearbeiten kann, muss man diesem Weg gehen. Verwendung der Datei in PowerPoint erfordert einen zus\u00e4tzlichen Schritt: man muss die in der Pr\u00e4sentation verwendeten Schriftarten herunterladen und installieren. Um zu finden, welche Schriftart in der Pr\u00e4sentation benutzt wird, muss man nur zur Vollzieherbestandsfolie in der Pr\u00e4sentation gehen.<\/p>\n<p><img loading=\"lazy\" decoding=\"async\" class=\"alignnone size-full wp-image-5632\" src=\"https:\/\/slidesppt.com\/wp-content\/uploads\/2016\/10\/help03.png\" alt=\"Google Slides Help 03\" width=\"541\" height=\"216\" srcset=\"https:\/\/slidesppt.com\/wp-content\/uploads\/2016\/10\/help03.png 541w, https:\/\/slidesppt.com\/wp-content\/uploads\/2016\/10\/help03-300x120.png 300w\" sizes=\"auto, (max-width: 541px) 100vw, 541px\" \/><\/p>\n<h3>Was kann ich mit den SlidesPPT.com Pr\u00e4sentationsvorlagen machen?<\/h3>\n<p>Man kann sie so bearbeiten, wie man es braucht \/ will, hinzuf\u00fcgen oder l\u00f6schen die Folien, teilen sie irgendwo (on- und offline), \u00e4ndern Farben, Schriften, Texte&#8230;<br \/>\nMan muss sich daran erinnern, dass die meisten Ressourcen, die verwendet werden, um diese Vorlage zu erstellen (Bilder, Symbole, Schriftarten) unter Creative Common License sind, so muss man immer die Vollzieherbestandsfolie haben.<\/p>\n<h3>Bekannte Probleme<\/h3>\n<h4>1) Es gibt keine Option &#8222;Kopie machen&#8220; in der Google Slides Interface.<\/h4>\n<p>Es ist notwendig in dem Google-Konto angemeldet zu werden um eine M\u00f6glichkeit die Kopie im Google Drive speichern zu haben. Weitere Informationen sind hier: <a href=\"https:\/\/support.google.com\/drive#topic=14940\" target=\"_blank\" rel=\"noopener noreferrer\">https:\/\/support.google.com\/drive#topic=14940<\/a><\/p>\n<h4>2) Ich kann einige Elemente des Designs nicht zugreifen.<\/h4>\n<p>Man muss die Hauptfolie zugreifen. Um den Master Template Editor anzuzeigen, muss man zum Folien &#8211; Men\u00fc &gt; Hauptfolie \u00e4ndern gehen.<br \/>\nDie Hauptvorlage erscheint links mit der Liste aller Folien &#8211; Layouts, die im Thema der Pr\u00e4sentation verwendet werden. Man muss aus dieser Liste ausw\u00e4hlen, was man bearbeiten m\u00f6chte. Die \u00c4nderungen, die verschiedene Folien beeinflussen, werden links gelb markiert.<\/p>\n<p>Zus\u00e4tzliche Informationen f\u00fcr Google Slides Hilfe<\/p>\n<h4>3) Typografievorlagen sind nicht dasselbe, wenn ich sie in PowerPoint \u00f6ffne<\/h4>\n<p>Man muss die in der Pr\u00e4sentation verwendeten Schriftarten herunterladen und am Computer installieren. Sie stehen in der Vollzieherbestandsfolie zur Verf\u00fcgung. Weitere Informationen sind hier: https:\/\/developers.google.com\/fonts\/faq<\/p>\n<h4>4) Probleme beim \u00c4ndern der Proportionen<\/h4>\n<p>Man muss versuchen gest\u00f6rtes Element zu reparieren, das die Hauptfolie anpasst.<\/p>\n<p>&nbsp;<\/p>\n<!-- AddThis Advanced Settings generic via filter on the_content --><!-- AddThis Share Buttons generic via filter on the_content -->","protected":false},"excerpt":{"rendered":"<p>Hilfe bei der Verwendung unserer Folien Wie kann ich mit einer Folienvorlagenbenutzung beginnen? Wenn man diese Pr\u00e4sentationsvorlagen auf \u00a0dem Computer mit Power Point, Keynote oder einer anderen Software oder dem Google Slides-Konto benutzen m\u00f6chte, das erste, was man tun muss, ist, die Folie mit einer der folgenden\u00a0Methoden zu \u00f6ffnen: Klicken im Google Slides Viewer auf [&hellip;]<!-- AddThis Advanced Settings generic via filter on get_the_excerpt --><!-- AddThis Share Buttons generic via filter on get_the_excerpt --><span class=\"entry-read-more\"><a href=\"https:\/\/slidesppt.com\/de\/wie-benutzt-man-unsere-praesentationsfolien\/\" class=\"cs-btn cs-btn-flat cs-btn-rounded cs-btn-xxs cs-btn-flat-accent\">Go to Slide<\/a><\/span><\/p>\n","protected":false},"author":1,"featured_media":0,"parent":0,"menu_order":0,"comment_status":"closed","ping_status":"closed","template":"","meta":{"footnotes":""},"class_list":["post-5854","page","type-page","status-publish","hentry"],"yoast_head":"<!-- This site is optimized with the Yoast SEO plugin v25.7 - https:\/\/yoast.com\/wordpress\/plugins\/seo\/ -->\n<title>Wie benutzt man unsere Pr\u00e4sentationsfolien? - Free Google Slides Templates<\/title>\n<meta name=\"robots\" content=\"index, follow, max-snippet:-1, max-image-preview:large, max-video-preview:-1\" \/>\n<link rel=\"canonical\" href=\"https:\/\/slidesppt.com\/de\/wie-benutzt-man-unsere-praesentationsfolien\/\" \/>\n<meta property=\"og:locale\" content=\"de_DE\" \/>\n<meta property=\"og:type\" content=\"article\" \/>\n<meta property=\"og:title\" content=\"Wie benutzt man unsere Pr\u00e4sentationsfolien? - Free Google Slides Templates\" \/>\n<meta property=\"og:description\" content=\"Hilfe bei der Verwendung unserer Folien Wie kann ich mit einer Folienvorlagenbenutzung beginnen? Wenn man diese Pr\u00e4sentationsvorlagen auf \u00a0dem Computer mit Power Point, Keynote oder einer anderen Software oder dem Google Slides-Konto benutzen m\u00f6chte, das erste, was man tun muss, ist, die Folie mit einer der folgenden\u00a0Methoden zu \u00f6ffnen: Klicken im Google Slides Viewer auf [&hellip;]\" \/>\n<meta property=\"og:url\" content=\"https:\/\/slidesppt.com\/de\/wie-benutzt-man-unsere-praesentationsfolien\/\" \/>\n<meta property=\"og:site_name\" content=\"Free Google Slides Templates\" \/>\n<meta property=\"article:modified_time\" content=\"2017-04-27T15:04:11+00:00\" \/>\n<meta property=\"og:image\" content=\"https:\/\/slidesppt.com\/wp-content\/uploads\/2016\/10\/help02.png\" \/>\n<meta name=\"twitter:card\" content=\"summary_large_image\" \/>\n<meta name=\"twitter:label1\" content=\"Gesch\u00e4tzte Lesezeit\" \/>\n\t<meta name=\"twitter:data1\" content=\"2\u00a0Minuten\" \/>\n<script type=\"application\/ld+json\" class=\"yoast-schema-graph\">{\"@context\":\"https:\/\/schema.org\",\"@graph\":[{\"@type\":\"WebPage\",\"@id\":\"https:\/\/slidesppt.com\/de\/wie-benutzt-man-unsere-praesentationsfolien\/\",\"url\":\"https:\/\/slidesppt.com\/de\/wie-benutzt-man-unsere-praesentationsfolien\/\",\"name\":\"Wie benutzt man unsere Pr\u00e4sentationsfolien? - Free Google Slides Templates\",\"isPartOf\":{\"@id\":\"https:\/\/slidesppt.com\/fr\/#website\"},\"primaryImageOfPage\":{\"@id\":\"https:\/\/slidesppt.com\/de\/wie-benutzt-man-unsere-praesentationsfolien\/#primaryimage\"},\"image\":{\"@id\":\"https:\/\/slidesppt.com\/de\/wie-benutzt-man-unsere-praesentationsfolien\/#primaryimage\"},\"thumbnailUrl\":\"https:\/\/slidesppt.com\/wp-content\/uploads\/2016\/10\/help02.png\",\"datePublished\":\"2016-10-23T18:24:36+00:00\",\"dateModified\":\"2017-04-27T15:04:11+00:00\",\"breadcrumb\":{\"@id\":\"https:\/\/slidesppt.com\/de\/wie-benutzt-man-unsere-praesentationsfolien\/#breadcrumb\"},\"inLanguage\":\"de\",\"potentialAction\":[{\"@type\":\"ReadAction\",\"target\":[\"https:\/\/slidesppt.com\/de\/wie-benutzt-man-unsere-praesentationsfolien\/\"]}]},{\"@type\":\"ImageObject\",\"inLanguage\":\"de\",\"@id\":\"https:\/\/slidesppt.com\/de\/wie-benutzt-man-unsere-praesentationsfolien\/#primaryimage\",\"url\":\"https:\/\/slidesppt.com\/wp-content\/uploads\/2016\/10\/help02.png\",\"contentUrl\":\"https:\/\/slidesppt.com\/wp-content\/uploads\/2016\/10\/help02.png\"},{\"@type\":\"BreadcrumbList\",\"@id\":\"https:\/\/slidesppt.com\/de\/wie-benutzt-man-unsere-praesentationsfolien\/#breadcrumb\",\"itemListElement\":[{\"@type\":\"ListItem\",\"position\":1,\"name\":\"Home\",\"item\":\"https:\/\/slidesppt.com\/de\/\"},{\"@type\":\"ListItem\",\"position\":2,\"name\":\"Wie benutzt man unsere Pr\u00e4sentationsfolien?\"}]},{\"@type\":\"WebSite\",\"@id\":\"https:\/\/slidesppt.com\/fr\/#website\",\"url\":\"https:\/\/slidesppt.com\/fr\/\",\"name\":\"Free Google Slides Templates\",\"description\":\"Free Presentation Templates for Google Slides and Power Point\",\"potentialAction\":[{\"@type\":\"SearchAction\",\"target\":{\"@type\":\"EntryPoint\",\"urlTemplate\":\"https:\/\/slidesppt.com\/fr\/?s={search_term_string}\"},\"query-input\":{\"@type\":\"PropertyValueSpecification\",\"valueRequired\":true,\"valueName\":\"search_term_string\"}}],\"inLanguage\":\"de\"}]}<\/script>\n<!-- \/ Yoast SEO plugin. -->","yoast_head_json":{"title":"Wie benutzt man unsere Pr\u00e4sentationsfolien? - Free Google Slides Templates","robots":{"index":"index","follow":"follow","max-snippet":"max-snippet:-1","max-image-preview":"max-image-preview:large","max-video-preview":"max-video-preview:-1"},"canonical":"https:\/\/slidesppt.com\/de\/wie-benutzt-man-unsere-praesentationsfolien\/","og_locale":"de_DE","og_type":"article","og_title":"Wie benutzt man unsere Pr\u00e4sentationsfolien? - Free Google Slides Templates","og_description":"Hilfe bei der Verwendung unserer Folien Wie kann ich mit einer Folienvorlagenbenutzung beginnen? Wenn man diese Pr\u00e4sentationsvorlagen auf \u00a0dem Computer mit Power Point, Keynote oder einer anderen Software oder dem Google Slides-Konto benutzen m\u00f6chte, das erste, was man tun muss, ist, die Folie mit einer der folgenden\u00a0Methoden zu \u00f6ffnen: Klicken im Google Slides Viewer auf [&hellip;]","og_url":"https:\/\/slidesppt.com\/de\/wie-benutzt-man-unsere-praesentationsfolien\/","og_site_name":"Free Google Slides Templates","article_modified_time":"2017-04-27T15:04:11+00:00","og_image":[{"url":"https:\/\/slidesppt.com\/wp-content\/uploads\/2016\/10\/help02.png","type":"","width":"","height":""}],"twitter_card":"summary_large_image","twitter_misc":{"Gesch\u00e4tzte Lesezeit":"2\u00a0Minuten"},"schema":{"@context":"https:\/\/schema.org","@graph":[{"@type":"WebPage","@id":"https:\/\/slidesppt.com\/de\/wie-benutzt-man-unsere-praesentationsfolien\/","url":"https:\/\/slidesppt.com\/de\/wie-benutzt-man-unsere-praesentationsfolien\/","name":"Wie benutzt man unsere Pr\u00e4sentationsfolien? - Free Google Slides Templates","isPartOf":{"@id":"https:\/\/slidesppt.com\/fr\/#website"},"primaryImageOfPage":{"@id":"https:\/\/slidesppt.com\/de\/wie-benutzt-man-unsere-praesentationsfolien\/#primaryimage"},"image":{"@id":"https:\/\/slidesppt.com\/de\/wie-benutzt-man-unsere-praesentationsfolien\/#primaryimage"},"thumbnailUrl":"https:\/\/slidesppt.com\/wp-content\/uploads\/2016\/10\/help02.png","datePublished":"2016-10-23T18:24:36+00:00","dateModified":"2017-04-27T15:04:11+00:00","breadcrumb":{"@id":"https:\/\/slidesppt.com\/de\/wie-benutzt-man-unsere-praesentationsfolien\/#breadcrumb"},"inLanguage":"de","potentialAction":[{"@type":"ReadAction","target":["https:\/\/slidesppt.com\/de\/wie-benutzt-man-unsere-praesentationsfolien\/"]}]},{"@type":"ImageObject","inLanguage":"de","@id":"https:\/\/slidesppt.com\/de\/wie-benutzt-man-unsere-praesentationsfolien\/#primaryimage","url":"https:\/\/slidesppt.com\/wp-content\/uploads\/2016\/10\/help02.png","contentUrl":"https:\/\/slidesppt.com\/wp-content\/uploads\/2016\/10\/help02.png"},{"@type":"BreadcrumbList","@id":"https:\/\/slidesppt.com\/de\/wie-benutzt-man-unsere-praesentationsfolien\/#breadcrumb","itemListElement":[{"@type":"ListItem","position":1,"name":"Home","item":"https:\/\/slidesppt.com\/de\/"},{"@type":"ListItem","position":2,"name":"Wie benutzt man unsere Pr\u00e4sentationsfolien?"}]},{"@type":"WebSite","@id":"https:\/\/slidesppt.com\/fr\/#website","url":"https:\/\/slidesppt.com\/fr\/","name":"Free Google Slides Templates","description":"Free Presentation Templates for Google Slides and Power Point","potentialAction":[{"@type":"SearchAction","target":{"@type":"EntryPoint","urlTemplate":"https:\/\/slidesppt.com\/fr\/?s={search_term_string}"},"query-input":{"@type":"PropertyValueSpecification","valueRequired":true,"valueName":"search_term_string"}}],"inLanguage":"de"}]}},"_links":{"self":[{"href":"https:\/\/slidesppt.com\/de\/wp-json\/wp\/v2\/pages\/5854","targetHints":{"allow":["GET"]}}],"collection":[{"href":"https:\/\/slidesppt.com\/de\/wp-json\/wp\/v2\/pages"}],"about":[{"href":"https:\/\/slidesppt.com\/de\/wp-json\/wp\/v2\/types\/page"}],"author":[{"embeddable":true,"href":"https:\/\/slidesppt.com\/de\/wp-json\/wp\/v2\/users\/1"}],"replies":[{"embeddable":true,"href":"https:\/\/slidesppt.com\/de\/wp-json\/wp\/v2\/comments?post=5854"}],"version-history":[{"count":3,"href":"https:\/\/slidesppt.com\/de\/wp-json\/wp\/v2\/pages\/5854\/revisions"}],"predecessor-version":[{"id":5857,"href":"https:\/\/slidesppt.com\/de\/wp-json\/wp\/v2\/pages\/5854\/revisions\/5857"}],"wp:attachment":[{"href":"https:\/\/slidesppt.com\/de\/wp-json\/wp\/v2\/media?parent=5854"}],"curies":[{"name":"wp","href":"https:\/\/api.w.org\/{rel}","templated":true}]}}